{"id":9,"date":"2025-09-24T09:56:17","date_gmt":"2025-09-24T07:56:17","guid":{"rendered":"https:\/\/christianlemuet.fr\/?page_id=9"},"modified":"2025-09-24T09:56:18","modified_gmt":"2025-09-24T07:56:18","slug":"blog-de-christian-lemuet","status":"publish","type":"page","link":"https:\/\/christianlemuet.fr\/","title":{"rendered":"Blog de Christian Lemuet"},"content":{"rendered":"<p>[et_pb_section fb_built=\u00a0\u00bb1&Prime; admin_label=\u00a0\u00bbHeader\u00a0\u00bb _builder_version=\u00a0\u00bb4.16&Prime; _module_preset=\u00a0\u00bbdefault\u00a0\u00bb background_color=\u00a0\u00bb#a26737&Prime; global_colors_info=\u00a0\u00bb{}\u00a0\u00bb theme_builder_area=\u00a0\u00bbpost_content\u00a0\u00bb][et_pb_row _builder_version=\u00a0\u00bb4.16&Prime; _module_preset=\u00a0\u00bbdefault\u00a0\u00bb global_colors_info=\u00a0\u00bb{}\u00a0\u00bb theme_builder_area=\u00a0\u00bbpost_content\u00a0\u00bb][et_pb_column type=\u00a0\u00bb4_4&Prime; _builder_version=\u00a0\u00bb4.16&Prime; _module_preset=\u00a0\u00bbdefault\u00a0\u00bb global_colors_info=\u00a0\u00bb{}\u00a0\u00bb theme_builder_area=\u00a0\u00bbpost_content\u00a0\u00bb][et_pb_text _builder_version=\u00a0\u00bb4.27.4&Prime; _module_preset=\u00a0\u00bbdefault\u00a0\u00bb header_font=\u00a0\u00bbCrimson Text||||||||\u00a0\u00bb header_font_size=\u00a0\u00bb120px\u00a0\u00bb background_layout=\u00a0\u00bbdark\u00a0\u00bb max_width_last_edited=\u00a0\u00bboff|desktop\u00a0\u00bb hover_enabled=\u00a0\u00bb0&Prime; header_font_size_tablet=\u00a0\u00bb60px\u00a0\u00bb header_font_size_phone=\u00a0\u00bb30px\u00a0\u00bb header_font_size_last_edited=\u00a0\u00bbon|phone\u00a0\u00bb header_line_height_tablet=\u00a0\u00bb\u00a0\u00bb header_line_height_phone=\u00a0\u00bb1.2em\u00a0\u00bb header_line_height_last_edited=\u00a0\u00bbon|tablet\u00a0\u00bb locked=\u00a0\u00bboff\u00a0\u00bb global_colors_info=\u00a0\u00bb{}\u00a0\u00bb theme_builder_area=\u00a0\u00bbpost_content\u00a0\u00bb sticky_enabled=\u00a0\u00bb0&Prime;]<\/p>\n<h1>Christian Lemuet<br \/>BLOG<\/h1>\n<p>[\/et_pb_text][\/et_pb_column][\/et_pb_row][\/et_pb_section][et_pb_section fb_built=\u00a0\u00bb1&Prime; admin_label=\u00a0\u00bbAbout\u00a0\u00bb _builder_version=\u00a0\u00bb4.16&Prime; _module_preset=\u00a0\u00bbdefault\u00a0\u00bb global_colors_info=\u00a0\u00bb{}\u00a0\u00bb theme_builder_area=\u00a0\u00bbpost_content\u00a0\u00bb][et_pb_row column_structure=\u00a0\u00bb2_5,3_5&Prime; _builder_version=\u00a0\u00bb4.16&Prime; _module_preset=\u00a0\u00bbdefault\u00a0\u00bb global_colors_info=\u00a0\u00bb{}\u00a0\u00bb theme_builder_area=\u00a0\u00bbpost_content\u00a0\u00bb][et_pb_column type=\u00a0\u00bb2_5&Prime; _builder_version=\u00a0\u00bb4.16&Prime; _module_preset=\u00a0\u00bbdefault\u00a0\u00bb global_colors_info=\u00a0\u00bb{}\u00a0\u00bb theme_builder_area=\u00a0\u00bbpost_content\u00a0\u00bb][et_pb_text _builder_version=\u00a0\u00bb4.27.4&Prime; _module_preset=\u00a0\u00bbdefault\u00a0\u00bb text_font=\u00a0\u00bbKarla||||||||\u00a0\u00bb text_font_size=\u00a0\u00bb26px\u00a0\u00bb text_line_height=\u00a0\u00bb1.5em\u00a0\u00bb hover_enabled=\u00a0\u00bb0&Prime; text_font_size_tablet=\u00a0\u00bb22px\u00a0\u00bb text_font_size_phone=\u00a0\u00bb16px\u00a0\u00bb text_font_size_last_edited=\u00a0\u00bbon|phone\u00a0\u00bb text_line_height_tablet=\u00a0\u00bb\u00a0\u00bb text_line_height_phone=\u00a0\u00bb1.8em\u00a0\u00bb text_line_height_last_edited=\u00a0\u00bbon|phone\u00a0\u00bb locked=\u00a0\u00bboff\u00a0\u00bb global_colors_info=\u00a0\u00bb{}\u00a0\u00bb theme_builder_area=\u00a0\u00bbpost_content\u00a0\u00bb sticky_enabled=\u00a0\u00bb0&Prime;]<\/p>\n<p>D\u00e9couvir le Shiatsu :<\/p>\n<p>[\/et_pb_text][et_pb_button button_text=\u00a0\u00bb HOLISTIQUE-LX\u00a0\u00bb button_alignment=\u00a0\u00bbleft\u00a0\u00bb _builder_version=\u00a0\u00bb4.27.4&Prime; _module_preset=\u00a0\u00bbdefault\u00a0\u00bb custom_button=\u00a0\u00bbon\u00a0\u00bb button_text_size=\u00a0\u00bb14px\u00a0\u00bb button_text_color=\u00a0\u00bb#ffffff\u00a0\u00bb button_bg_color=\u00a0\u00bb#000000&Prime; button_border_width=\u00a0\u00bb0px\u00a0\u00bb button_border_radius=\u00a0\u00bb0px\u00a0\u00bb button_letter_spacing=\u00a0\u00bb2px\u00a0\u00bb button_font=\u00a0\u00bbCrimson Text|700||on|||||\u00a0\u00bb custom_margin=\u00a0\u00bb||||false|false\u00a0\u00bb custom_padding=\u00a0\u00bb15px|40px|15px|40px|true|true\u00a0\u00bb custom_padding_tablet=\u00a0\u00bb\u00a0\u00bb custom_padding_phone=\u00a0\u00bb20px|50px|20px|50px|true|true\u00a0\u00bb custom_padding_last_edited=\u00a0\u00bbon|phone\u00a0\u00bb hover_enabled=\u00a0\u00bb0&Prime; locked=\u00a0\u00bboff\u00a0\u00bb global_colors_info=\u00a0\u00bb{}\u00a0\u00bb theme_builder_area=\u00a0\u00bbpost_content\u00a0\u00bb button_url=\u00a0\u00bbhttps:\/\/shiatsu-thiers.tilda.ws\/\u00a0\u00bb sticky_enabled=\u00a0\u00bb0&Prime;][\/et_pb_button][\/et_pb_column][et_pb_column type=\u00a0\u00bb3_5&Prime; _builder_version=\u00a0\u00bb4.16&Prime; _module_preset=\u00a0\u00bbdefault\u00a0\u00bb global_colors_info=\u00a0\u00bb{}\u00a0\u00bb theme_builder_area=\u00a0\u00bbpost_content\u00a0\u00bb][et_pb_image src=\u00a0\u00bbhttps:\/\/christianlemuet.fr\/wp-content\/uploads\/2025\/09\/photo-lemuet.jpg\u00a0\u00bb title_text=\u00a0\u00bbphoto-lemuet\u00a0\u00bb _builder_version=\u00a0\u00bb4.27.4&Prime; _module_preset=\u00a0\u00bbdefault\u00a0\u00bb custom_margin=\u00a0\u00bb-200px||||false|false\u00a0\u00bb custom_margin_tablet=\u00a0\u00bb0px||||false|false\u00a0\u00bb custom_margin_phone=\u00a0\u00bb\u00a0\u00bb custom_margin_last_edited=\u00a0\u00bbon|tablet\u00a0\u00bb hover_enabled=\u00a0\u00bb0&Prime; border_width_all=\u00a0\u00bb30px\u00a0\u00bb border_color_all=\u00a0\u00bb#ffffff\u00a0\u00bb border_width_all_tablet=\u00a0\u00bb\u00a0\u00bb border_width_all_phone=\u00a0\u00bb10px\u00a0\u00bb border_width_all_last_edited=\u00a0\u00bbon|phone\u00a0\u00bb locked=\u00a0\u00bboff\u00a0\u00bb global_colors_info=\u00a0\u00bb{}\u00a0\u00bb theme_builder_area=\u00a0\u00bbpost_content\u00a0\u00bb sticky_enabled=\u00a0\u00bb0&Prime;][\/et_pb_image][et_pb_text _builder_version=\u00a0\u00bb4.27.4&Prime; _module_preset=\u00a0\u00bbdefault\u00a0\u00bb text_font=\u00a0\u00bbKarla||||||||\u00a0\u00bb text_font_size=\u00a0\u00bb16px\u00a0\u00bb text_line_height=\u00a0\u00bb1.8em\u00a0\u00bb hover_enabled=\u00a0\u00bb0&Prime; text_font_size_tablet=\u00a0\u00bb\u00a0\u00bb text_font_size_phone=\u00a0\u00bb14px\u00a0\u00bb text_font_size_last_edited=\u00a0\u00bbon|phone\u00a0\u00bb locked=\u00a0\u00bboff\u00a0\u00bb global_colors_info=\u00a0\u00bb{}\u00a0\u00bb theme_builder_area=\u00a0\u00bbpost_content\u00a0\u00bb sticky_enabled=\u00a0\u00bb0&Prime;]<\/p>\n<p>Pour communiquer au mieux avec soi-m\u00eame et son environnement , avancer en pleine sant\u00e9, je d\u00e9veloppe l&rsquo;\u00e9coute de soi, l&rsquo;attention \u00e0 l&rsquo;autre et le travail relationnel. Une approche qui passe par les ateliers d&rsquo;\u00e9criture et de r\u00e9\u00e9criture, l&rsquo;accompagnement vid\u00e9o, la formation et le massage shiatsu. J&rsquo;exerce en cabinet, pour les entreprises ou au cours de stage<\/p>\n<p>[\/et_pb_text][\/et_pb_column][\/et_pb_row][\/et_pb_section]<\/p>\n","protected":false},"excerpt":{"rendered":"<p>Christian LemuetBLOGD\u00e9couvir le Shiatsu :Pour communiquer au mieux avec soi-m\u00eame et son environnement , avancer en pleine sant\u00e9, je d\u00e9veloppe l&rsquo;\u00e9coute de soi, l&rsquo;attention \u00e0 l&rsquo;autre et le travail relationnel. Une approche qui passe par les ateliers d&rsquo;\u00e9criture et de r\u00e9\u00e9criture, l&rsquo;accompagnement vid\u00e9o, la formation et le massage shiatsu. J&rsquo;exerce en cabinet, pour les entreprises [&hellip;]<\/p>\n","protected":false},"author":1,"featured_media":0,"parent":0,"menu_order":0,"comment_status":"closed","ping_status":"closed","template":"","meta":{"_et_pb_use_builder":"on","_et_pb_old_content":"","_et_gb_content_width":"","footnotes":""},"class_list":["post-9","page","type-page","status-publish","hentry"],"yoast_head":"<!-- This site is optimized with the Yoast SEO plugin v27.6 - https:\/\/yoast.com\/product\/yoast-seo-wordpress\/ -->\n<title>Blog de Christian Lemuet - Blog de Christian Lemuet<\/title>\n<meta name=\"robots\" content=\"index, follow, max-snippet:-1, max-image-preview:large, max-video-preview:-1\" \/>\n<link rel=\"canonical\" href=\"https:\/\/christianlemuet.fr\/\" \/>\n<meta property=\"og:locale\" content=\"fr_FR\" \/>\n<meta property=\"og:type\" content=\"article\" \/>\n<meta property=\"og:title\" content=\"Blog de Christian Lemuet - Blog de Christian Lemuet\" \/>\n<meta property=\"og:description\" content=\"Christian LemuetBLOGD\u00e9couvir le Shiatsu :Pour communiquer au mieux avec soi-m\u00eame et son environnement , avancer en pleine sant\u00e9, je d\u00e9veloppe l&#039;\u00e9coute de soi, l&#039;attention \u00e0 l&#039;autre et le travail relationnel. Une approche qui passe par les ateliers d&#039;\u00e9criture et de r\u00e9\u00e9criture, l&#039;accompagnement vid\u00e9o, la formation et le massage shiatsu. J&#039;exerce en cabinet, pour les entreprises [&hellip;]\" \/>\n<meta property=\"og:url\" content=\"https:\/\/christianlemuet.fr\/\" \/>\n<meta property=\"og:site_name\" content=\"Blog de Christian Lemuet\" \/>\n<meta property=\"article:modified_time\" content=\"2025-09-24T07:56:18+00:00\" \/>\n<meta name=\"twitter:card\" content=\"summary_large_image\" \/>\n<script type=\"application\/ld+json\" class=\"yoast-schema-graph\">{\"@context\":\"https:\\\/\\\/schema.org\",\"@graph\":[{\"@type\":\"WebPage\",\"@id\":\"https:\\\/\\\/christianlemuet.fr\\\/\",\"url\":\"https:\\\/\\\/christianlemuet.fr\\\/\",\"name\":\"Blog de Christian Lemuet - Blog de Christian Lemuet\",\"isPartOf\":{\"@id\":\"https:\\\/\\\/christianlemuet.fr\\\/#website\"},\"datePublished\":\"2025-09-24T07:56:17+00:00\",\"dateModified\":\"2025-09-24T07:56:18+00:00\",\"breadcrumb\":{\"@id\":\"https:\\\/\\\/christianlemuet.fr\\\/#breadcrumb\"},\"inLanguage\":\"fr-FR\",\"potentialAction\":[{\"@type\":\"ReadAction\",\"target\":[\"https:\\\/\\\/christianlemuet.fr\\\/\"]}]},{\"@type\":\"BreadcrumbList\",\"@id\":\"https:\\\/\\\/christianlemuet.fr\\\/#breadcrumb\",\"itemListElement\":[{\"@type\":\"ListItem\",\"position\":1,\"name\":\"Accueil\",\"item\":\"https:\\\/\\\/christianlemuet.fr\\\/\"},{\"@type\":\"ListItem\",\"position\":2,\"name\":\"Blog de Christian Lemuet\"}]},{\"@type\":\"WebSite\",\"@id\":\"https:\\\/\\\/christianlemuet.fr\\\/#website\",\"url\":\"https:\\\/\\\/christianlemuet.fr\\\/\",\"name\":\"Blog de Christian Lemuet\",\"description\":\"\",\"publisher\":{\"@id\":\"https:\\\/\\\/christianlemuet.fr\\\/#organization\"},\"potentialAction\":[{\"@type\":\"SearchAction\",\"target\":{\"@type\":\"EntryPoint\",\"urlTemplate\":\"https:\\\/\\\/christianlemuet.fr\\\/?s={search_term_string}\"},\"query-input\":{\"@type\":\"PropertyValueSpecification\",\"valueRequired\":true,\"valueName\":\"search_term_string\"}}],\"inLanguage\":\"fr-FR\"},{\"@type\":\"Organization\",\"@id\":\"https:\\\/\\\/christianlemuet.fr\\\/#organization\",\"name\":\"Christian Lemuet\",\"url\":\"https:\\\/\\\/christianlemuet.fr\\\/\",\"logo\":{\"@type\":\"ImageObject\",\"inLanguage\":\"fr-FR\",\"@id\":\"https:\\\/\\\/christianlemuet.fr\\\/#\\\/schema\\\/logo\\\/image\\\/\",\"url\":\"https:\\\/\\\/christianlemuet.fr\\\/wp-content\\\/uploads\\\/2025\\\/09\\\/photo-lemuet.jpg\",\"contentUrl\":\"https:\\\/\\\/christianlemuet.fr\\\/wp-content\\\/uploads\\\/2025\\\/09\\\/photo-lemuet.jpg\",\"width\":279,\"height\":181,\"caption\":\"Christian Lemuet\"},\"image\":{\"@id\":\"https:\\\/\\\/christianlemuet.fr\\\/#\\\/schema\\\/logo\\\/image\\\/\"}}]}<\/script>\n<!-- \/ Yoast SEO plugin. -->","yoast_head_json":{"title":"Blog de Christian Lemuet - Blog de Christian Lemuet","robots":{"index":"index","follow":"follow","max-snippet":"max-snippet:-1","max-image-preview":"max-image-preview:large","max-video-preview":"max-video-preview:-1"},"canonical":"https:\/\/christianlemuet.fr\/","og_locale":"fr_FR","og_type":"article","og_title":"Blog de Christian Lemuet - Blog de Christian Lemuet","og_description":"Christian LemuetBLOGD\u00e9couvir le Shiatsu :Pour communiquer au mieux avec soi-m\u00eame et son environnement , avancer en pleine sant\u00e9, je d\u00e9veloppe l'\u00e9coute de soi, l'attention \u00e0 l'autre et le travail relationnel. Une approche qui passe par les ateliers d'\u00e9criture et de r\u00e9\u00e9criture, l'accompagnement vid\u00e9o, la formation et le massage shiatsu. J'exerce en cabinet, pour les entreprises [&hellip;]","og_url":"https:\/\/christianlemuet.fr\/","og_site_name":"Blog de Christian Lemuet","article_modified_time":"2025-09-24T07:56:18+00:00","twitter_card":"summary_large_image","schema":{"@context":"https:\/\/schema.org","@graph":[{"@type":"WebPage","@id":"https:\/\/christianlemuet.fr\/","url":"https:\/\/christianlemuet.fr\/","name":"Blog de Christian Lemuet - Blog de Christian Lemuet","isPartOf":{"@id":"https:\/\/christianlemuet.fr\/#website"},"datePublished":"2025-09-24T07:56:17+00:00","dateModified":"2025-09-24T07:56:18+00:00","breadcrumb":{"@id":"https:\/\/christianlemuet.fr\/#breadcrumb"},"inLanguage":"fr-FR","potentialAction":[{"@type":"ReadAction","target":["https:\/\/christianlemuet.fr\/"]}]},{"@type":"BreadcrumbList","@id":"https:\/\/christianlemuet.fr\/#breadcrumb","itemListElement":[{"@type":"ListItem","position":1,"name":"Accueil","item":"https:\/\/christianlemuet.fr\/"},{"@type":"ListItem","position":2,"name":"Blog de Christian Lemuet"}]},{"@type":"WebSite","@id":"https:\/\/christianlemuet.fr\/#website","url":"https:\/\/christianlemuet.fr\/","name":"Blog de Christian Lemuet","description":"","publisher":{"@id":"https:\/\/christianlemuet.fr\/#organization"},"potentialAction":[{"@type":"SearchAction","target":{"@type":"EntryPoint","urlTemplate":"https:\/\/christianlemuet.fr\/?s={search_term_string}"},"query-input":{"@type":"PropertyValueSpecification","valueRequired":true,"valueName":"search_term_string"}}],"inLanguage":"fr-FR"},{"@type":"Organization","@id":"https:\/\/christianlemuet.fr\/#organization","name":"Christian Lemuet","url":"https:\/\/christianlemuet.fr\/","logo":{"@type":"ImageObject","inLanguage":"fr-FR","@id":"https:\/\/christianlemuet.fr\/#\/schema\/logo\/image\/","url":"https:\/\/christianlemuet.fr\/wp-content\/uploads\/2025\/09\/photo-lemuet.jpg","contentUrl":"https:\/\/christianlemuet.fr\/wp-content\/uploads\/2025\/09\/photo-lemuet.jpg","width":279,"height":181,"caption":"Christian Lemuet"},"image":{"@id":"https:\/\/christianlemuet.fr\/#\/schema\/logo\/image\/"}}]}},"_links":{"self":[{"href":"https:\/\/christianlemuet.fr\/index.php\/wp-json\/wp\/v2\/pages\/9","targetHints":{"allow":["GET"]}}],"collection":[{"href":"https:\/\/christianlemuet.fr\/index.php\/wp-json\/wp\/v2\/pages"}],"about":[{"href":"https:\/\/christianlemuet.fr\/index.php\/wp-json\/wp\/v2\/types\/page"}],"author":[{"embeddable":true,"href":"https:\/\/christianlemuet.fr\/index.php\/wp-json\/wp\/v2\/users\/1"}],"replies":[{"embeddable":true,"href":"https:\/\/christianlemuet.fr\/index.php\/wp-json\/wp\/v2\/comments?post=9"}],"version-history":[{"count":3,"href":"https:\/\/christianlemuet.fr\/index.php\/wp-json\/wp\/v2\/pages\/9\/revisions"}],"predecessor-version":[{"id":38,"href":"https:\/\/christianlemuet.fr\/index.php\/wp-json\/wp\/v2\/pages\/9\/revisions\/38"}],"wp:attachment":[{"href":"https:\/\/christianlemuet.fr\/index.php\/wp-json\/wp\/v2\/media?parent=9"}],"curies":[{"name":"wp","href":"https:\/\/api.w.org\/{rel}","templated":true}]}}